{"id":8,"date":"2016-01-26T12:42:01","date_gmt":"2016-01-26T12:42:01","guid":{"rendered":"http:\/\/www.luisquintal.com\/?page_id=8"},"modified":"2016-09-17T09:11:41","modified_gmt":"2016-09-17T09:11:41","slug":"inicio","status":"publish","type":"page","link":"https:\/\/www.luisquintal.com\/","title":{"rendered":"In\u00edcio"},"content":{"rendered":"<ul>\n<li>Membro efectivo da Ordem dos Engenheiros desde 2000<\/li>\n<li>C\u00e9dula Profissional n.\u00ba 38057<\/li>\n<li>Projectista de Redes de G\u00e1s desde 2000<\/li>\n<li>Inscri\u00e7\u00e3o na Direc\u00e7\u00e3o Geral de Geologia e Energia com licen\u00e7a n.\u00ba 05704<\/li>\n<li>Perito Qualificado no \u00e2mbito da Certifica\u00e7\u00e3o Energ\u00e9tica de Edif\u00edcios desde Abril de 2008<\/li>\n<li>Inscri\u00e7\u00e3o na ADENE \u2013 Ag\u00eancia para a Energia com o n.\u00ba PQ00457<\/li>\n<li>Especialista de Seguran\u00e7a Contra Inc\u00eandios 3\u00aa e 4\u00aa categoria n.\u00ba 41<\/li>\n<li>Membro s\u00e9nior da Ordem dos Engenheiros desde 2013<\/li>\n<\/ul>\n<p><img loading=\"lazy\" decoding=\"async\" class=\"wp-image-128 aligncenter\" src=\"https:\/\/www.luisquintal.com\/wp-content\/uploads\/2016\/01\/barra_curso_arquitetura.jpg\" alt=\"barra_curso_arquitetura\" width=\"687\" height=\"219\" srcset=\"https:\/\/www.luisquintal.com\/wp-content\/uploads\/2016\/01\/barra_curso_arquitetura.jpg 1004w, https:\/\/www.luisquintal.com\/wp-content\/uploads\/2016\/01\/barra_curso_arquitetura-300x96.jpg 300w, https:\/\/www.luisquintal.com\/wp-content\/uploads\/2016\/01\/barra_curso_arquitetura-768x245.jpg 768w, https:\/\/www.luisquintal.com\/wp-content\/uploads\/2016\/01\/barra_curso_arquitetura-750x239.jpg 750w\" sizes=\"(max-width: 687px) 100vw, 687px\" \/><\/p>\n","protected":false},"excerpt":{"rendered":"<p>Membro efectivo da Ordem dos Engenheiros desde 2000 C\u00e9dula Profissional n.\u00ba 38057 Projectista de Redes de G\u00e1s desde 2000 Inscri\u00e7\u00e3o na Direc\u00e7\u00e3o Geral de Geologia e Energia com licen\u00e7a n.\u00ba 05704 Perito Qualificado no \u00e2mbito da Certifica\u00e7\u00e3o Energ\u00e9tica de Edif\u00edcios desde Abril de 2008 Inscri\u00e7\u00e3o na ADENE \u2013 Ag\u00eancia para a Energia com o n.\u00ba PQ00457 Especialista de Seguran\u00e7a Contra Inc\u00eandios 3\u00aa e 4\u00aa categoria n.\u00ba 41 Membro s\u00e9nior da [&hellip;]<\/p>\n","protected":false},"author":1,"featured_media":0,"parent":0,"menu_order":0,"comment_status":"closed","ping_status":"closed","template":"","meta":{"footnotes":""},"_links":{"self":[{"href":"https:\/\/www.luisquintal.com\/index.php?rest_route=\/wp\/v2\/pages\/8"}],"collection":[{"href":"https:\/\/www.luisquintal.com\/index.php?rest_route=\/wp\/v2\/pages"}],"about":[{"href":"https:\/\/www.luisquintal.com\/index.php?rest_route=\/wp\/v2\/types\/page"}],"author":[{"embeddable":true,"href":"https:\/\/www.luisquintal.com\/index.php?rest_route=\/wp\/v2\/users\/1"}],"replies":[{"embeddable":true,"href":"https:\/\/www.luisquintal.com\/index.php?rest_route=%2Fwp%2Fv2%2Fcomments&post=8"}],"version-history":[{"count":19,"href":"https:\/\/www.luisquintal.com\/index.php?rest_route=\/wp\/v2\/pages\/8\/revisions"}],"predecessor-version":[{"id":263,"href":"https:\/\/www.luisquintal.com\/index.php?rest_route=\/wp\/v2\/pages\/8\/revisions\/263"}],"wp:attachment":[{"href":"https:\/\/www.luisquintal.com\/index.php?rest_route=%2Fwp%2Fv2%2Fmedia&parent=8"}],"curies":[{"name":"wp","href":"https:\/\/api.w.org\/{rel}","templated":true}]}}