{"id":54,"date":"2016-01-26T14:22:03","date_gmt":"2016-01-26T14:22:03","guid":{"rendered":"http:\/\/www.luisquintal.com\/?page_id=54"},"modified":"2017-01-04T09:39:44","modified_gmt":"2017-01-04T09:39:44","slug":"formacao","status":"publish","type":"page","link":"https:\/\/www.luisquintal.com\/?page_id=54","title":{"rendered":"Forma\u00e7\u00e3o"},"content":{"rendered":"<ol>\n<li><b>DADOS\u00a0BIBLIOGR\u00c1FICOS<\/b><\/li>\n<\/ol>\n<ul>\n<li><b>Nome: <\/b>Lu\u00eds Pedro Almeida Quintal<\/li>\n<li><b>Data de Nascimento: <\/b>06 de Mar\u00e7o de 1975<\/li>\n<li><b>Naturalidade: <\/b>Real das Donas \u2013 Figueiredo das Donas \u2013 Vouzela<\/li>\n<li><b>Nacionalidade: <\/b>Portuguesa<\/li>\n<li><b>Telem\u00f3vel: <\/b>962840153<\/li>\n<li><b>E-mail: <\/b>luisquintal.eng@sapo.pt<\/li>\n<li><b>Webpage: <\/b>http:\/\/www.luisquintal.com<\/li>\n<\/ul>\n<p>&nbsp;<\/p>\n<ol start=\"2\">\n<li><b>FORMA\u00c7\u00c3O\u00a0ACAD\u00c9MICA<\/b><\/li>\n<\/ol>\n<ul>\n<li><b>1981-1985: <\/b>Ensino Prim\u00e1rio pela Escola Prim\u00e1ria de Figueiredo das Donas.<\/li>\n<li><b>1985-1987: <\/b>Ensino Preparat\u00f3rio pela Telescola \u2013 Ciclo Preparat\u00f3rio TV de S. Miguel do Mato<\/li>\n<li><b>1987-1990:\u00a0 <\/b>Ensino Secund\u00e1rio B\u00e1sico pela Escola Secund\u00e1ria de Vouzela.<\/li>\n<li><b>1990-1993:\u00a0\u00a0 <\/b>Ensino Secund\u00e1rio Complementar pela Escola Secund\u00e1ria Alves Martins (Viseu).<\/li>\n<li><b>1993-1998:<\/b> Licenciatura em Engenharia Civil pela Faculdade de Ci\u00eancia e Tecnologia da Universidade de Coimbra.<\/li>\n<li><b>2004-2005:<\/b> P\u00f3s Gradua\u00e7\u00e3o em Analise de Estruturas pela Faculdade de Ci\u00eancia e Tecnologia da Universidade de Coimbra com m\u00e9dia de quinze valores.<\/li>\n<li>Inscrito na Ordem dos Engenheiros da Regi\u00e3o Centro com o n.\u00ba 4440, sendo portador da C\u00e9dula Profissional n.\u00ba 38057.<\/li>\n<\/ul>\n<p>&nbsp;<\/p>\n<ol start=\"3\">\n<li><b>FORMA\u00c7\u00c3O COMPLEMENTAR<\/b><\/li>\n<\/ol>\n<ul>\n<li><b>2000: <\/b>Frequ\u00eancia de Forma\u00e7\u00e3o Profissional Curso de Projectista de Redes de G\u00e1s pelo Centro de Forma\u00e7\u00e3o Profissional da Ind\u00fastria da Constru\u00e7\u00e3o Civil e Obras P\u00fablicas do Norte (AICCOPN);<\/li>\n<li><b>2002<\/b>: Ac\u00e7\u00e3o de forma\u00e7\u00e3o sobre aplica\u00e7\u00e3o de bet\u00e3o branco em edif\u00edcios;<\/li>\n<li><b>2003<\/b>: Confer\u00eancia sobre Regulamento de Ru\u00eddo para edif\u00edcios;<\/li>\n<li><b>2004: <\/b>Confer\u00eancia sobre a evolu\u00e7\u00e3o do m\u00e9todo de elementos finitos no calculo de estruturas;<\/li>\n<li><b>2005:\u00a0 <\/b>Ac\u00e7\u00e3o de Sensibiliza\u00e7\u00e3o sobre efici\u00eancia energ\u00e9tica em Edif\u00edcios pela Universidade de Aveiro;<\/li>\n<li><b>2006:\u00a0 <\/b>Semin\u00e1rio Constru\u00e7\u00e3o em Bet\u00e3o Pr\u00e9-Fabricado pela Ordem dos Engenheiros;<\/li>\n<li><b>2006:<\/b> Ac\u00e7\u00e3o de Forma\u00e7\u00e3o \u201cReabilita\u00e7\u00e3o de Estruturas de Bet\u00e3o Armado\u201d pelo ITeCons do Departamento de Engenharia Civil da Universidade de Coimbra;<\/li>\n<li><b>2007:<\/b> Ac\u00e7\u00e3o de Forma\u00e7\u00e3o \u201cAplica\u00e7\u00e3o do Novo RCCTE (DL 80\/2006) &#8211; Curso de Forma\u00e7\u00e3o para Projectistas\u201d pelo ITeCons do Departamento de Engenharia Civil da Universidade de Coimbra.<\/li>\n<\/ul>\n","protected":false},"excerpt":{"rendered":"<p>DADOS\u00a0BIBLIOGR\u00c1FICOS Nome: Lu\u00eds Pedro Almeida Quintal Data de Nascimento: 06 de Mar\u00e7o de 1975 Naturalidade: Real das Donas \u2013 Figueiredo das Donas \u2013 Vouzela Nacionalidade: Portuguesa Telem\u00f3vel: 962840153 E-mail: luisquintal.eng@sapo.pt Webpage: http:\/\/www.luisquintal.com &nbsp; FORMA\u00c7\u00c3O\u00a0ACAD\u00c9MICA 1981-1985: Ensino Prim\u00e1rio pela Escola Prim\u00e1ria de Figueiredo das Donas. 1985-1987: Ensino Preparat\u00f3rio pela Telescola \u2013 Ciclo Preparat\u00f3rio TV de S. Miguel do Mato 1987-1990:\u00a0 Ensino Secund\u00e1rio B\u00e1sico pela Escola Secund\u00e1ria de Vouzela. 1990-1993:\u00a0\u00a0 Ensino Secund\u00e1rio [&hellip;]<\/p>\n","protected":false},"author":1,"featured_media":0,"parent":0,"menu_order":0,"comment_status":"closed","ping_status":"closed","template":"","meta":{"footnotes":""},"_links":{"self":[{"href":"https:\/\/www.luisquintal.com\/index.php?rest_route=\/wp\/v2\/pages\/54"}],"collection":[{"href":"https:\/\/www.luisquintal.com\/index.php?rest_route=\/wp\/v2\/pages"}],"about":[{"href":"https:\/\/www.luisquintal.com\/index.php?rest_route=\/wp\/v2\/types\/page"}],"author":[{"embeddable":true,"href":"https:\/\/www.luisquintal.com\/index.php?rest_route=\/wp\/v2\/users\/1"}],"replies":[{"embeddable":true,"href":"https:\/\/www.luisquintal.com\/index.php?rest_route=%2Fwp%2Fv2%2Fcomments&post=54"}],"version-history":[{"count":16,"href":"https:\/\/www.luisquintal.com\/index.php?rest_route=\/wp\/v2\/pages\/54\/revisions"}],"predecessor-version":[{"id":269,"href":"https:\/\/www.luisquintal.com\/index.php?rest_route=\/wp\/v2\/pages\/54\/revisions\/269"}],"wp:attachment":[{"href":"https:\/\/www.luisquintal.com\/index.php?rest_route=%2Fwp%2Fv2%2Fmedia&parent=54"}],"curies":[{"name":"wp","href":"https:\/\/api.w.org\/{rel}","templated":true}]}}